{"id":36,"date":"2008-10-26T10:08:31","date_gmt":"2008-10-26T09:08:31","guid":{"rendered":"http:\/\/kg-neuenhof.de\/home\/?page_id=36"},"modified":"2025-04-14T11:14:22","modified_gmt":"2025-04-14T10:14:22","slug":"impressum","status":"publish","type":"page","link":"https:\/\/www.kg-neuenhof.de\/?page_id=36","title":{"rendered":"Impressum"},"content":{"rendered":"<p><strong>Wichtiger Hinweis in eigener Sache:<\/strong><\/p>\n<p>Das Landgericht Hamburg hat mit Urteil vom 12.05.1998 entschieden, dass man durch die Anbringung eines Links die Inhalte der gelinkten Seite ggf. mit zu verantworten hat. Dies kann &#8211; so das LG &#8211; nur dadurch verhindert werden, dass man sich ausdr\u00fccklich von diesen Inhalten distanziert. Auf unseren Seiten sind Links zu anderen Seiten im Internet gelegt. F\u00fcr alle diese Links gilt: &#8222;Wir m\u00f6chten ausdr\u00fccklich betonen, dass wir keinerlei Einfluss auf die Gestaltung und die Inhalte der gelinkten Seiten haben. Deshalb\u00a0 distanzieren wir uns hiermit ausdr\u00fccklich von allen Inhalten aller gelinkten Seiten auf unserer gesamten Website inkl. aller Unterseiten. Diese Erkl\u00e4rung gilt f\u00fcr alle auf unserer Homepage ausgebrachten Links und f\u00fcr alle Inhalte der Seiten, zu denen Links oder Banner f\u00fchren.&#8220;<br \/>\nVerantwortlich im Sinne des Presserechts und des Mediendienste-Staatsvertrages gem\u00e4\u00df Teledienstgesetz:<\/p>\n<p>Karnevalsgesellschaft Neuenhof e.V.<br \/>\n<em>eingetragen in das Vereinsregister beim<br \/>\nAmtsgericht 57462 Olpe unter Nr. 665<\/em><\/p>\n<p style=\"font-weight: 400;\">Martin Ziegert<\/p>\n<p>-Pr\u00e4sident-<\/p>\n<p style=\"font-weight: 400;\">Am Berndebach 27<\/p>\n<p>57439 Attendorn-Neuenhof<\/p>\n<p>E-Mail: Praesident[at]KG-Neuenhof.de<\/p>\n<div id=\"gtx-trans\" style=\"position: absolute; left: -25px; top: 422px;\">\n<div class=\"gtx-trans-icon\"><\/div>\n<\/div>\n","protected":false},"excerpt":{"rendered":"<p>Wichtiger Hinweis in eigener Sache: Das Landgericht Hamburg hat mit Urteil vom 12.05.1998 entschieden, dass man durch die Anbringung eines Links die Inhalte der gelinkten Seite ggf. mit zu verantworten hat. Dies kann &#8211; so das LG &#8211; nur dadurch&#8230; <a class=\"read-more-button\" href=\"https:\/\/www.kg-neuenhof.de\/?page_id=36\">(MEHR LESEN)<\/a><\/p>\n","protected":false},"author":1,"featured_media":0,"parent":0,"menu_order":190,"comment_status":"closed","ping_status":"open","template":"","meta":{"footnotes":""},"class_list":["post-36","page","type-page","status-publish","hentry"],"_links":{"self":[{"href":"https:\/\/www.kg-neuenhof.de\/index.php?rest_route=\/wp\/v2\/pages\/36","targetHints":{"allow":["GET"]}}],"collection":[{"href":"https:\/\/www.kg-neuenhof.de\/index.php?rest_route=\/wp\/v2\/pages"}],"about":[{"href":"https:\/\/www.kg-neuenhof.de\/index.php?rest_route=\/wp\/v2\/types\/page"}],"author":[{"embeddable":true,"href":"https:\/\/www.kg-neuenhof.de\/index.php?rest_route=\/wp\/v2\/users\/1"}],"replies":[{"embeddable":true,"href":"https:\/\/www.kg-neuenhof.de\/index.php?rest_route=%2Fwp%2Fv2%2Fcomments&post=36"}],"version-history":[{"count":11,"href":"https:\/\/www.kg-neuenhof.de\/index.php?rest_route=\/wp\/v2\/pages\/36\/revisions"}],"predecessor-version":[{"id":1897,"href":"https:\/\/www.kg-neuenhof.de\/index.php?rest_route=\/wp\/v2\/pages\/36\/revisions\/1897"}],"wp:attachment":[{"href":"https:\/\/www.kg-neuenhof.de\/index.php?rest_route=%2Fwp%2Fv2%2Fmedia&parent=36"}],"curies":[{"name":"wp","href":"https:\/\/api.w.org\/{rel}","templated":true}]}}