{"id":30,"date":"2008-10-26T10:02:10","date_gmt":"2008-10-26T09:02:10","guid":{"rendered":"http:\/\/kg-neuenhof.de\/home\/?page_id=30"},"modified":"2025-08-13T16:13:19","modified_gmt":"2025-08-13T15:13:19","slug":"kalender","status":"publish","type":"page","link":"https:\/\/www.kg-neuenhof.de\/?page_id=30","title":{"rendered":"Kalender"},"content":{"rendered":"<p><strong><u>KG Neuenhof Vereinstermine\u00a0 2025\/2026<\/u><\/strong><\/p>\n<ul>\n<li>07.09.2025 Kekse, Kuchen, Kaffeetassen \u2013 gem\u00fctliches, generationen\u00fcbergreifendes Kaffeetrinken<\/li>\n<li>14.09.2025 Tag der Jugend \u2013 Dorfvereine pr\u00e4sentieren sich<\/li>\n<li>11.11.2025 Prinzeneinf\u00fchrung und Sessionser\u00f6ffnung<\/li>\n<li>15.11.2025 Weihnachtsbasteln<\/li>\n<li>07.12.2025 Pl\u00e4tzchen, Punsch und Plauderei \u2013 gem\u00fctliches und generationen\u00fcbergreifendes Kaffeetrinken<\/li>\n<li>16.02.2026 Kinderkarneval<\/li>\n<li>17.02.2026 Veilchendienstagsumzug<\/li>\n<\/ul>\n<p>Weitere Termine bzw. Erg\u00e4nzungen zum Terminplan werden zeitnah eingef\u00fcgt und fr\u00fchzeitig bekannt gegeben.\u00a0<\/p>\n<p>Neuenhof Alaaf<br \/>Der Vorstand<\/p>\n<p>&nbsp;<\/p>\n\n\n<p><\/p>\n\n\n\n<p><\/p>\n","protected":false},"excerpt":{"rendered":"<p>KG Neuenhof Vereinstermine\u00a0 2025\/2026 07.09.2025 Kekse, Kuchen, Kaffeetassen \u2013 gem\u00fctliches, generationen\u00fcbergreifendes Kaffeetrinken 14.09.2025 Tag der Jugend \u2013 Dorfvereine pr\u00e4sentieren sich 11.11.2025 Prinzeneinf\u00fchrung und Sessionser\u00f6ffnung 15.11.2025 Weihnachtsbasteln 07.12.2025 Pl\u00e4tzchen, Punsch und Plauderei \u2013 gem\u00fctliches und generationen\u00fcbergreifendes Kaffeetrinken 16.02.2026 Kinderkarneval 17.02.2026 Veilchendienstagsumzug&#8230; <a class=\"read-more-button\" href=\"https:\/\/www.kg-neuenhof.de\/?page_id=30\">(MEHR LESEN)<\/a><\/p>\n","protected":false},"author":1,"featured_media":0,"parent":0,"menu_order":60,"comment_status":"closed","ping_status":"open","template":"","meta":{"footnotes":""},"class_list":["post-30","page","type-page","status-publish","hentry"],"_links":{"self":[{"href":"https:\/\/www.kg-neuenhof.de\/index.php?rest_route=\/wp\/v2\/pages\/30","targetHints":{"allow":["GET"]}}],"collection":[{"href":"https:\/\/www.kg-neuenhof.de\/index.php?rest_route=\/wp\/v2\/pages"}],"about":[{"href":"https:\/\/www.kg-neuenhof.de\/index.php?rest_route=\/wp\/v2\/types\/page"}],"author":[{"embeddable":true,"href":"https:\/\/www.kg-neuenhof.de\/index.php?rest_route=\/wp\/v2\/users\/1"}],"replies":[{"embeddable":true,"href":"https:\/\/www.kg-neuenhof.de\/index.php?rest_route=%2Fwp%2Fv2%2Fcomments&post=30"}],"version-history":[{"count":48,"href":"https:\/\/www.kg-neuenhof.de\/index.php?rest_route=\/wp\/v2\/pages\/30\/revisions"}],"predecessor-version":[{"id":1911,"href":"https:\/\/www.kg-neuenhof.de\/index.php?rest_route=\/wp\/v2\/pages\/30\/revisions\/1911"}],"wp:attachment":[{"href":"https:\/\/www.kg-neuenhof.de\/index.php?rest_route=%2Fwp%2Fv2%2Fmedia&parent=30"}],"curies":[{"name":"wp","href":"https:\/\/api.w.org\/{rel}","templated":true}]}}