{"id":27,"date":"2008-10-26T10:58:45","date_gmt":"2008-10-26T08:58:45","guid":{"rendered":"http:\/\/kg-neuenhof.de\/home\/?page_id=27"},"modified":"2022-11-24T12:14:16","modified_gmt":"2022-11-24T11:14:16","slug":"chronik","status":"publish","type":"page","link":"https:\/\/www.kg-neuenhof.de\/?page_id=27","title":{"rendered":"Chronik"},"content":{"rendered":"<p><strong>\u00a0<\/strong><\/p>\n<p><strong>Liebe Jecken aus Neuenhof &amp; Lichtringhausen<\/strong><strong>\u00a0\u00a0\u00a0\u00a0\u00a0\u00a0\u00a0\u00a0\u00a0\u00a0\u00a0\u00a0\u00a0\u00a0\u00a0\u00a0\u00a0\u00a0\u00a0\u00a0\u00a0\u00a0\u00a0\u00a0\u00a0\u00a0\u00a0\u00a0\u00a0\u00a0\u00a0\u00a0\u00a0\u00a0\u00a0\u00a0\u00a0\u00a0\u00a0\u00a0\u00a0\u00a0\u00a0\u00a0\u00a0\u00a0 <\/strong><\/p>\n<p>ein kleiner R\u00fcckblick <strong>\u00a0 \u00a0 \u00a0\u00a0<\/strong><\/p>\n<p><strong><u>90 Jahre KG Neuenhof\u00a0<\/u><\/strong><\/p>\n<p><strong>1932 \u2013 2022\u00a0 \u00a0 \u00a0 \u00a0 \u00a0 \u00a0 \u00a0 \u00a0 \u00a0 \u00a0 \u00a0 \u00a0 \u00a0 \u00a0 \u00a0 \u00a0 \u00a0 \u00a0 \u00a0 \u00a0 \u00a0 \u00a0 \u00a0 \u00a0 \u00a0 \u00a0 \u00a0 \u00a0 \u00a0 \u00a0 \u00a0 \u00a0 \u00a0 \u00a0 \u00a0 \u00a0 \u00a0 \u00a0 \u00a0 \u00a0 \u00a0 \u00a0 \u00a0 \u00a0 \u00a0 \u00a0 \u00a0 \u00a0 \u00a0 \u00a0 \u00a0 \u00a0 \u00a0 \u00a0 \u00a0 \u00a0 \u00a0 \u00a0 \u00a0 \u00a0 \u00a0 \u00a0 \u00a0 \u00a0 \u00a0 \u00a0 \u00a0 \u00a0 \u00a0 \u00a0 \u00a0 \u00a0 \u00a0 \u00a0 \u00a0 \u00a0 \u00a0 \u00a0 \u00a0 \u00a0 \u00a0 \u00a0 \u00a0 \u00a0 \u00a0 \u00a0 \u00a0 \u00a0 \u00a0 \u00a0 \u00a0 \u00a0 \u00a0 \u00a0 \u00a0 \u00a0 \u00a0 \u00a0 \u00a0 \u00a0 \u00a0 \u00a0 \u00a0 \u00a0 \u00a0 \u00a0 \u00a0 \u00a0 \u00a0 \u00a0 \u00a0 \u00a0 \u00a0 \u00a0 \u00a0 \u00a0 \u00a0 \u00a0 \u00a0 \u00a0\u00a0<\/strong><\/p>\n<p>Stolz blicken die Karnevalsjecken aus Neuenhof und Lichtringhausen auf ihre n\u00e4rrische Vergangenheit zur\u00fcck. Gepr\u00e4gt von alten Narrentraditionen und geleitet vom Karnevalistischen Geist wurde am 30.01.1932 die KG Neuenhof gegr\u00fcndet. Mit insgesamt 15 Gr\u00fcndungsmitgliedern<br \/>\n(Toni Springob, Ferdinand Cramer, August Cramer, Willi Bender, Franz Bock, Josef Bender, Hubert Bock, Hubert Springob, Josef Bender, Josef Rauterkus, Bernhard Schulte, Otto Bock, Bernhard Stuff, Joh. Stuff, Jos. Springob wurde gestartet.<\/p>\n<p>Anfangs nannte man sich noch liebevoll Karnevalsgesellschaft GMBH Neuenhof und Umgebung. Doch das Kind brauchte einen echten Namen und so einigte man sich auf Karnevalsgesellschaft Neuenhof e.V.\u00a0 Erster Pr\u00e4sident wurde Otto Bock. Gefolgt von Bernhard Bender und Franz Bock. Nach der Kriegszeit \u00fcbernahm dann Willi Scheppe das Amt.<br \/>\nDer monatliche Beitrag betrug damals 0,10 Reichsmark.<\/p>\n<p>In den ersten Jahrzehnten feierte man ungezwungen die L\u00fcttgenfastnacht (Altweiberfastnacht) mit Kost\u00fcmpr\u00e4mierung und den Fastnachtsdienstag mit Biergericht (1933) und Staatsanwalt. Au\u00dferdem fanden sporadisch Fu\u00dfballspiele innerhalb der einzelnen Ortsteile statt.\u00a0 Preis: 1 Bierkasten! Nachtr\u00e4glich am\u00fcsierte man sich ausgelassen im Vereinslokal Landgasthof Springob. F\u00fcr die J\u00fcngsten wurde derzeit ein gemeinsames Kaffeetrinken mit selbstgebackenen Kuchen bis zum fr\u00fchen Abend veranstaltet. Ein Zug durchs Dorf mit Gitarrenspiel und Gesang rundete so manches Jahr das n\u00e4rrische Treiben ab. Sp\u00e4ter kam dann der dritte n\u00e4rrische Feiertag, der \u201eGro\u00dfsonntag\u201c, dazu.<\/p>\n<p>Elferratssitzungen wurden je nach Laune und nach Durst einberufen, zu denen so manches Elferratsmitglied gerne zu sp\u00e4t kam, um eine Flasche Wacholder als Strafe zahlen zu m\u00fcssen.<\/p>\n<p>Allj\u00e4hrlich fand zur Aufbesserung der Finanzen ein sogenanntes Waldfest mit Losbude und Bierwagen statt. Weitere Aktivit\u00e4ten wie Preiskegeln, Tagesfahrten, gem\u00fctliche Zusammenk\u00fcnfte der Mitglieder etc. rundeten das Jahresprogramm der KG Neuenhof ab.<\/p>\n<p>Vor 67 Jahren (1955) l\u00f6ste Werner Huckestein den Amtierenden Pr\u00e4sidenten in seinem Amt ab. Selbstverst\u00e4ndlich bekam mit jedem Jahr der Verein p\u00fcnktlich zum Narrenball einen freiwilligen oder aber auch unfreiwilligen neuen Prinzen.<br \/>\nAllerdings gab es auch Prinzenlose Jahre (Kriegsjahre und andere). Es war auch Werner Huckestein der vor 66 Jahren (1956) ein Wappen f\u00fcr die KG Neuenhof entwarf, und noch bis heute stehen die Aktivit\u00e4ten der Gesellschaft im Zeichen des Wappens.<\/p>\n<p>Erstmalig vor 39 Jahre (1983) wurde in der Sch\u00fctzenhalle Lichtringhausen eine Kappensitzung abgehalten, die erst viel sp\u00e4ter zum heutigen Galaabend Jeck in Neuenhof wurde.<\/p>\n<p>Eigens hierf\u00fcr wurde vor 40 Jahren (1982) also ein Jahr vorher die Prinzengarde f\u00fcr den Prinz Karneval gegr\u00fcndet, erst noch in Rot &amp; Wei\u00df, sp\u00e4ter dann als Gr\u00fcn-Wei\u00dfe Prinzengarde. Dieses Jahr w\u00fcrde diese Gruppe ihr 40-j\u00e4hriges Jubil\u00e4um feiern.<\/p>\n<p>Mitte der 80er, also vor 37 Jahren traten weitere externe Tanzgruppen \u2013 wie z.B. die LiNeu-T\u00f6chter bei den Neuenhofer Sitzungen auf.<\/p>\n<p>Ca.1982 also vor 40 Jahren war Ehrenmitglied Angelika M\u00fcller zust\u00e4ndig f\u00fcr die Kost\u00fcme der Prinzen und Garden und davon auch nicht mehr wegzudenken\u00a0 bis 2022 war Angelika M\u00fcller immer Ansprechpartner des KG Neuenhof f\u00fcr seine Kost\u00fcme.<\/p>\n<p>Der Kinderkarneval wurde vor 39 Jahre (1983) in der Schule in Lichtringhausen geboren und am Rosenmontag ausgiebig gefeiert. Die Urheber waren Werner Huckestein, Rita Springob, Gabi Kirsch, B\u00e4rbel Schulte (geb. Florath), Rosi Springob. Der Kinderelferrat wurde vor 36 Jahre (1986) mit dem ersten Kinderelferratspr\u00e4sidenten Mike Springob gegr\u00fcndet.<\/p>\n<p>Mit Carsten I. Bronischewski begann vor 35 Jahren (1987) die \u00c4ra der Kinderprinzen der KG Neuenhof.<\/p>\n<p>Etwa zur gleichen Zeit 1987 also vor 35 Jahren, stellte sich die rot-wei\u00dfe Kinderprinzengarde dem frischgebackenen Kinderprinzen zur Seite.<\/p>\n<p>Die Pr\u00e4sidentschaft der KG Neuenhof ging vor 26 Jahren (1996) auf Hans J\u00fcrgen Springob Ehrenpr\u00e4sident \u00fcber, der diese bis 2017 also 21 Jahre Ehrenvoll und mit W\u00fcrde getragen hat.<\/p>\n<p>Die 90er brachten viele neue tolle Gruppen f\u00fcr die KG mit sich.<br \/>\nEs entstanden die blauen Funken durch Rita Springob und Gaby Kirsch, vor 25 Jahren (1997) das Komitee der ehemaligen Prinzen (H.-J. Springob), das M\u00e4nnerballett durch Peter Knoth und Michael Huckestein.<\/p>\n<p>Vor 29 Jahren (1993) die roten Funken durch Gerhard und Stefan Schumacher,\u00a0die Happy Girls durch Martina L\u00fcbke, die Wagenbauer vor 25 Jahren (1997), und Kindergruppen wie die Berndespatzen, Kamelle Kids, Konfetti Hexen, Neuenhofer Husaren, Sunshine.<\/p>\n<p>Der erste Wagen f\u00fcr den Veilchendienstagsumzug in Attendorn wurde vor 25 Jahren (1997) vom Elferrat der KG zum 775-j\u00e4hrigen Stadtjubil\u00e4um von Attendorn gebaut. Unter dem Motto:<br \/>\n\u00dcber Jahr und Tag, Neuenhof und Lichtringhausen unter einem Dach.<\/p>\n<p>Vor 23 Jahren (1999) erlangte der Verein die Gemeinn\u00fctzigkeit!<\/p>\n<p>Auch gemeinn\u00fctzige Fu\u00dfballturniere, wie zum Beispiel DAS f\u00fcr die Strahlem\u00e4nnchen (letzte W\u00fcnsche werden sterbenskranken Kindern erf\u00fcllt), organisiert vom Komitee der ehemaligen Prinzen, finden im Namen des Vereins statt.<\/p>\n<p>Genau vor 20 Jahren (2002) bekam die KG erstmalig einen Zeremonienmeister, der seines Gleichen sucht.<\/p>\n<p>Carlo Scheppe der sein Amt als Zeremonienmeister mit Stolz, W\u00fcrde und Liebe getragen hat, gab nach 16 Jahren (2018) die Aufgaben des Zeremonienmeisters ab an Andreas Prentler (Glitzerandi) der bis heute das Amt mit Stolz und W\u00fcrde tr\u00e4gt.<\/p>\n<p>Ebenfalls vor 20 Jahren (2002) geschah das fast Unm\u00f6gliche, der KG Neuenhof schaffte es durch Spenden, unendlich viel Eigeneinsatz der Mitglieder und mit mehr als tatkr\u00e4ftiger Unterst\u00fctzung des Architektenb\u00fcros Norbert Schneider, ein gem\u00fctliches Vereinsheim bzw. einen Lagerraum zu erschaffen.<\/p>\n<p>In der Zeit hat der KG Neuenhof viele Veranstaltungen veranstaltet allj\u00e4hrliche mehrt\u00e4gige Vereinsfahrten, Wanderungen, Kr\u00f6se essen, Grillfeste und gem\u00fctliche Abende.<\/p>\n<p>Leider kam vor 3 Jahren (2019) Corona und alle Veranstaltungen blieben aus.<br \/>\nHeute 2022 kann man wieder an Veranstaltungen denken und planen.<br \/>\nDer neue Vorstand der KG Neuenhof der am 30.09.2022 gew\u00e4hlt wurde m\u00f6chte sich bei allen Mitgliedern und Freunden bedanken die, die ganzen Jahre den KG Neuenhof unterst\u00fctzt haben. Ob es die Ehemaligen Prinzen, die Dorfgemeinschaft Neuenhof der Sch\u00fctzenverein Lichtringhausen die Frauen Gemeinschaft Lichtringhausen oder auch andere Helfer waren, danke sch\u00f6n.<br \/>\nDer Vorstand m\u00f6chte gerne wieder zu den alten Zeiten zur\u00fcck, aber mit neuen Ideen und ist stolz den KG Neuenhof, der seit 90 Jahren besteht weiter f\u00fchren zu d\u00fcrfen.<br \/>\nAm 30.01.2023 sind es 91 Jahre und wir m\u00f6chten mit Euch wieder zusammen feiern und gem\u00fctliche Abende verbringen.<\/p>\n<p>Ich m\u00f6chte zum Schluss an unsere Verstorbenen Vereinsmitglieder und Ehrenmitglieder denken und mich im Namen des KGs bedanken.<\/p>\n<p>Neue Mitglieder sind bei der Karnevalsgesellschaft Neuenhof immer herzlich willkommen.<\/p>\n<p>Auf weitere 90 Jahre Jeck in Neuenhof<\/p>\n<p>Neuenhof Alaaf<\/p>\n","protected":false},"excerpt":{"rendered":"<p>\u00a0 Liebe Jecken aus Neuenhof &amp; Lichtringhausen\u00a0\u00a0\u00a0\u00a0\u00a0\u00a0\u00a0\u00a0\u00a0\u00a0\u00a0\u00a0\u00a0\u00a0\u00a0\u00a0\u00a0\u00a0\u00a0\u00a0\u00a0\u00a0\u00a0\u00a0\u00a0\u00a0\u00a0\u00a0\u00a0\u00a0\u00a0\u00a0\u00a0\u00a0\u00a0\u00a0\u00a0\u00a0\u00a0\u00a0\u00a0\u00a0\u00a0\u00a0\u00a0\u00a0 ein kleiner R\u00fcckblick \u00a0 \u00a0 \u00a0\u00a0 90 Jahre KG Neuenhof\u00a0 1932 \u2013 2022\u00a0 \u00a0 \u00a0 \u00a0 \u00a0 \u00a0 \u00a0 \u00a0 \u00a0 \u00a0 \u00a0 \u00a0 \u00a0 \u00a0 \u00a0 \u00a0 \u00a0 \u00a0 \u00a0 \u00a0 \u00a0&#8230; <a class=\"read-more-button\" href=\"https:\/\/www.kg-neuenhof.de\/?page_id=27\">(MEHR LESEN)<\/a><\/p>\n","protected":false},"author":1,"featured_media":0,"parent":0,"menu_order":40,"comment_status":"closed","ping_status":"open","template":"","meta":{"footnotes":""},"class_list":["post-27","page","type-page","status-publish","hentry"],"_links":{"self":[{"href":"https:\/\/www.kg-neuenhof.de\/index.php?rest_route=\/wp\/v2\/pages\/27","targetHints":{"allow":["GET"]}}],"collection":[{"href":"https:\/\/www.kg-neuenhof.de\/index.php?rest_route=\/wp\/v2\/pages"}],"about":[{"href":"https:\/\/www.kg-neuenhof.de\/index.php?rest_route=\/wp\/v2\/types\/page"}],"author":[{"embeddable":true,"href":"https:\/\/www.kg-neuenhof.de\/index.php?rest_route=\/wp\/v2\/users\/1"}],"replies":[{"embeddable":true,"href":"https:\/\/www.kg-neuenhof.de\/index.php?rest_route=%2Fwp%2Fv2%2Fcomments&post=27"}],"version-history":[{"count":6,"href":"https:\/\/www.kg-neuenhof.de\/index.php?rest_route=\/wp\/v2\/pages\/27\/revisions"}],"predecessor-version":[{"id":1610,"href":"https:\/\/www.kg-neuenhof.de\/index.php?rest_route=\/wp\/v2\/pages\/27\/revisions\/1610"}],"wp:attachment":[{"href":"https:\/\/www.kg-neuenhof.de\/index.php?rest_route=%2Fwp%2Fv2%2Fmedia&parent=27"}],"curies":[{"name":"wp","href":"https:\/\/api.w.org\/{rel}","templated":true}]}}